{"id":2,"date":"2014-04-23T18:32:47","date_gmt":"2014-04-23T18:32:47","guid":{"rendered":"http:\/\/preschooltr.com\/?page_id=2"},"modified":"2026-03-25T07:26:44","modified_gmt":"2026-03-25T07:26:44","slug":"sample-page","status":"publish","type":"page","link":"https:\/\/preschooltr.com\/","title":{"rendered":"Home"},"content":{"rendered":"<p>[et_pb_section fb_built=&#8221;1&#8243; fullwidth=&#8221;on&#8221; custom_padding_last_edited=&#8221;on|desktop&#8221; admin_label=&#8221;section&#8221; _builder_version=&#8221;3.22&#8243; background_color=&#8221;#ffffff&#8221; parallax=&#8221;on&#8221; custom_padding=&#8221;0px|0px|0px|0px&#8221; custom_padding_tablet=&#8221;50px|0|50px|0&#8243; custom_padding_phone=&#8221;&#8221; padding_mobile=&#8221;off&#8221;][et_pb_fullwidth_slider show_image_video_mobile=&#8221;on&#8221; _builder_version=&#8221;4.5.3&#8243; min_height=&#8221;399px&#8221; custom_padding=&#8221;||484px|||&#8221; auto=&#8221;on&#8221; auto_speed=&#8221;5000&#8243; hover_enabled=&#8221;0&#8243; box_shadow_style=&#8221;preset6&#8243; box_shadow_blur=&#8221;10px&#8221; box_shadow_color=&#8221;rgba(0,0,0,0.1)&#8221; button_text_size__hover_enabled=&#8221;off&#8221; button_one_text_size__hover_enabled=&#8221;off&#8221; button_two_text_size__hover_enabled=&#8221;off&#8221; button_text_color__hover_enabled=&#8221;off&#8221; button_one_text_color__hover_enabled=&#8221;off&#8221; button_two_text_color__hover_enabled=&#8221;off&#8221; button_border_width__hover_enabled=&#8221;off&#8221; button_one_border_width__hover_enabled=&#8221;off&#8221; button_two_border_width__hover_enabled=&#8221;off&#8221; button_border_color__hover_enabled=&#8221;off&#8221; button_one_border_color__hover_enabled=&#8221;off&#8221; button_two_border_color__hover_enabled=&#8221;off&#8221; button_border_radius__hover_enabled=&#8221;off&#8221; button_one_border_radius__hover_enabled=&#8221;off&#8221; button_two_border_radius__hover_enabled=&#8221;off&#8221; button_letter_spacing__hover_enabled=&#8221;off&#8221; button_one_letter_spacing__hover_enabled=&#8221;off&#8221; button_two_letter_spacing__hover_enabled=&#8221;off&#8221; button_bg_color__hover_enabled=&#8221;off&#8221; button_one_bg_color__hover_enabled=&#8221;off&#8221; button_two_bg_color__hover_enabled=&#8221;off&#8221; custom_margin=&#8221;||0px|||&#8221;][et_pb_slide _builder_version=&#8221;4.5.3&#8243; background_color=&#8221;#ffffff&#8221; background_image=&#8221;https:\/\/preschooltr.com\/wp-content\/uploads\/2025\/10\/IMG_1159-2-scaled.jpg&#8221; background_enable_image=&#8221;on&#8221; button_text_size__hover_enabled=&#8221;off&#8221; button_one_text_size__hover_enabled=&#8221;off&#8221; button_two_text_size__hover_enabled=&#8221;off&#8221; button_text_color__hover_enabled=&#8221;off&#8221; button_one_text_color__hover_enabled=&#8221;off&#8221; button_two_text_color__hover_enabled=&#8221;off&#8221; button_border_width__hover_enabled=&#8221;off&#8221; button_one_border_width__hover_enabled=&#8221;off&#8221; button_two_border_width__hover_enabled=&#8221;off&#8221; button_border_color__hover_enabled=&#8221;off&#8221; button_one_border_color__hover_enabled=&#8221;off&#8221; button_two_border_color__hover_enabled=&#8221;off&#8221; button_border_radius__hover_enabled=&#8221;off&#8221; button_one_border_radius__hover_enabled=&#8221;off&#8221; button_two_border_radius__hover_enabled=&#8221;off&#8221; button_letter_spacing__hover_enabled=&#8221;off&#8221; button_one_letter_spacing__hover_enabled=&#8221;off&#8221; button_two_letter_spacing__hover_enabled=&#8221;off&#8221; button_bg_color__hover_enabled=&#8221;off&#8221; button_one_bg_color__hover_enabled=&#8221;off&#8221; button_two_bg_color__hover_enabled=&#8221;off&#8221;][\/et_pb_slide][et_pb_slide _builder_version=&#8221;4.5.3&#8243; _module_preset=&#8221;default&#8221; background_enable_color=&#8221;off&#8221; background_image=&#8221;https:\/\/preschooltr.com\/wp-content\/uploads\/2026\/03\/6bb8c8ac-1077-4834-8a79-e706d254b8bf.jpg&#8221; background_enable_image=&#8221;on&#8221;][\/et_pb_slide][et_pb_slide _builder_version=&#8221;4.5.3&#8243; _module_preset=&#8221;default&#8221; background_enable_color=&#8221;off&#8221; background_image=&#8221;https:\/\/preschooltr.com\/wp-content\/uploads\/2026\/03\/IMG_3991-scaled.jpg&#8221; background_enable_image=&#8221;on&#8221;][\/et_pb_slide][et_pb_slide _builder_version=&#8221;4.5.3&#8243; _module_preset=&#8221;default&#8221; background_image=&#8221;https:\/\/preschooltr.com\/wp-content\/uploads\/2026\/03\/1f30cd33-bb37-4261-b155-fb9fb585ea1e-scaled.jpg&#8221; background_enable_image=&#8221;on&#8221;][\/et_pb_slide][et_pb_slide _builder_version=&#8221;4.5.3&#8243; _module_preset=&#8221;default&#8221; background_enable_color=&#8221;off&#8221; background_image=&#8221;https:\/\/preschooltr.com\/wp-content\/uploads\/2026\/03\/3fccbc7b-cdba-471c-9a2e-7a2663458e8f.jpg&#8221; background_enable_image=&#8221;on&#8221;][\/et_pb_slide][et_pb_slide _builder_version=&#8221;4.5.3&#8243; _module_preset=&#8221;default&#8221; use_background_color_gradient=&#8221;on&#8221; background_image=&#8221;https:\/\/preschooltr.com\/wp-content\/uploads\/2026\/03\/5913349666953170087-1.jpg&#8221; background_enable_image=&#8221;on&#8221;][\/et_pb_slide][et_pb_slide _builder_version=&#8221;4.5.3&#8243; _module_preset=&#8221;default&#8221; background_image=&#8221;https:\/\/preschooltr.com\/wp-content\/uploads\/2026\/03\/5913349666953170089-2.jpg&#8221; background_enable_image=&#8221;on&#8221;][\/et_pb_slide][\/et_pb_fullwidth_slider][\/et_pb_section][et_pb_section fb_built=&#8221;1&#8243; _builder_version=&#8221;3.22&#8243;][et_pb_row column_structure=&#8221;1_3,1_3,1_3&#8243; _builder_version=&#8221;3.25&#8243; background_size=&#8221;initial&#8221; background_position=&#8221;top_left&#8221; background_repeat=&#8221;repeat&#8221; custom_padding=&#8221;21px|0px|24px|0px||&#8221; custom_margin=&#8221;4px|auto||auto||&#8221;][et_pb_column type=&#8221;1_3&#8243; _builder_version=&#8221;3.25&#8243; custom_padding=&#8221;|||&#8221; custom_padding__hover=&#8221;|||&#8221;][et_pb_image src=&#8221;http:\/\/preschooltr.com\/wp-content\/uploads\/2014\/04\/logo-1.png&#8221; url=&#8221;https:\/\/code.org\/about&#8221; url_new_window=&#8221;on&#8221; align=&#8221;center&#8221; align_tablet=&#8221;center&#8221; align_phone=&#8221;&#8221; align_last_edited=&#8221;on|desktop&#8221; _builder_version=&#8221;3.23&#8243; animation_style=&#8221;slide&#8221; animation_direction=&#8221;left&#8221; animation_duration=&#8221;500ms&#8221; animation_intensity_slide=&#8221;10%&#8221; saved_tabs=&#8221;all&#8221;][\/et_pb_image][\/et_pb_column][et_pb_column type=&#8221;1_3&#8243; _builder_version=&#8221;3.25&#8243; custom_padding=&#8221;|||&#8221; custom_padding__hover=&#8221;|||&#8221;][et_pb_image src=&#8221;http:\/\/preschooltr.com\/wp-content\/uploads\/2015\/03\/ecoschool.png&#8221; url=&#8221;http:\/\/www.ecoschools.global\/how-does-it-work\/&#8221; url_new_window=&#8221;on&#8221; align=&#8221;center&#8221; align_tablet=&#8221;center&#8221; align_phone=&#8221;&#8221; align_last_edited=&#8221;on|desktop&#8221; _builder_version=&#8221;3.23&#8243; max_width=&#8221;37%&#8221; animation_style=&#8221;slide&#8221; animation_direction=&#8221;left&#8221; animation_duration=&#8221;500ms&#8221; animation_intensity_slide=&#8221;10%&#8221;][\/et_pb_image][\/et_pb_column][et_pb_column type=&#8221;1_3&#8243; _builder_version=&#8221;3.25&#8243; custom_padding=&#8221;|||&#8221; custom_padding__hover=&#8221;|||&#8221;][et_pb_image src=&#8221;https:\/\/preschooltr.com\/wp-content\/uploads\/2021\/01\/logo1.png&#8221; url=&#8221;https:\/\/www.jollylearning.co.uk\/&#8221; align_tablet=&#8221;center&#8221; align_phone=&#8221;&#8221; align_last_edited=&#8221;on|desktop&#8221; _builder_version=&#8221;3.23&#8243;][\/et_pb_image][\/et_pb_column][\/et_pb_row][\/et_pb_section][et_pb_section fb_built=&#8221;1&#8243; custom_padding_last_edited=&#8221;on|desktop&#8221; admin_label=&#8221;section&#8221; _builder_version=&#8221;3.22&#8243; custom_padding_tablet=&#8221;50px|0|50px|0&#8243; custom_padding_phone=&#8221;&#8221; padding_mobile=&#8221;off&#8221;][et_pb_row column_structure=&#8221;1_2,1_2&#8243; padding_mobile=&#8221;off&#8221; column_padding_mobile=&#8221;on&#8221; admin_label=&#8221;row&#8221; _builder_version=&#8221;3.25&#8243; background_size=&#8221;initial&#8221; background_position=&#8221;top_left&#8221; background_repeat=&#8221;repeat&#8221;][et_pb_column type=&#8221;1_2&#8243; _builder_version=&#8221;3.25&#8243; custom_padding=&#8221;|||&#8221; custom_padding__hover=&#8221;|||&#8221;][et_pb_text _builder_version=&#8221;3.27.4&#8243; background_size=&#8221;initial&#8221; background_position=&#8221;top_left&#8221; background_repeat=&#8221;repeat&#8221; custom_margin=&#8221;||24px|||&#8221;]<\/p>\n<h2 style=\"text-align: center;\"><\/h2>\n<h2 style=\"text-align: center;\"><strong><span style=\"color: #00ccff;\">2025-2026 BESA-BLIS-OASIS-PESG <\/span><\/strong><\/h2>\n<h2 style=\"text-align: center;\"><strong><span style=\"color: #00ccff;\">ACCEPTANCE\u00a0LIST<\/span><\/strong><\/h2>\n<p>[\/et_pb_text][et_pb_text _builder_version=&#8221;3.27.4&#8243; background_size=&#8221;initial&#8221; background_position=&#8221;top_left&#8221; background_repeat=&#8221;repeat&#8221;]Once again, I\u2019m proud to announce that our students who took the entrance exams of BLIS\u00a0(Bilkent Laboratory And International School), BESA\u00a0(British Embassy School of Ankara), OASIS and PESG are accepted by these schools.\u00a0Here is the list of our students who are accepted for 2023-2024 academic year:<\/p>\n<div id=\"undefined\"><\/div>\n<p>[\/et_pb_text][et_pb_tabs _builder_version=&#8221;3.0.94&#8243; background_size=&#8221;initial&#8221; background_position=&#8221;top_left&#8221; background_repeat=&#8221;repeat&#8221; custom_padding=&#8221;0px|||||&#8221; saved_tabs=&#8221;all&#8221;][et_pb_tab title=&#8221;BESA (Updated List)&#8221; _builder_version=&#8221;3.0.94&#8243; body_font=&#8221;||||&#8221; body_line_height=&#8221;2em&#8221; tab_font=&#8221;||||&#8221; tab_line_height=&#8221;2em&#8221; body_line_height_tablet=&#8221;2em&#8221; body_line_height_phone=&#8221;2em&#8221; tab_line_height_tablet=&#8221;2em&#8221; tab_line_height_phone=&#8221;2em&#8221;]<\/p>\n<div dir=\"auto\">AODVIK RAWAT<br \/>\nGARVIK RAWAT<br \/>\nANAYA SHARMA<\/div>\n<div dir=\"auto\">\n<div class=\"gmail_default\"><\/div>\n<\/div>\n<p>[\/et_pb_tab][et_pb_tab title=&#8221;OASIS (Updated List)&#8221; _builder_version=&#8221;3.0.94&#8243; body_font=&#8221;||||&#8221; body_line_height=&#8221;2em&#8221; tab_font=&#8221;||||&#8221; tab_line_height=&#8221;2em&#8221; body_line_height_tablet=&#8221;2em&#8221; body_line_height_phone=&#8221;2em&#8221; tab_line_height_tablet=&#8221;2em&#8221; tab_line_height_phone=&#8221;2em&#8221;]<\/p>\n<div dir=\"auto\">\n<div class=\"gmail_default\">REI HONDA<\/div>\n<\/div>\n<div id=\"undefined\">ASAHI TOYOSHIMA<\/div>\n<p>[\/et_pb_tab][et_pb_tab title=&#8221;PESG (Updated List)&#8221; _builder_version=&#8221;3.0.94&#8243; body_font=&#8221;||||&#8221; body_line_height=&#8221;2em&#8221; tab_font=&#8221;||||&#8221; tab_line_height=&#8221;2em&#8221; body_line_height_tablet=&#8221;2em&#8221; body_line_height_phone=&#8221;2em&#8221; tab_line_height_tablet=&#8221;2em&#8221; tab_line_height_phone=&#8221;2em&#8221;]<\/p>\n<div dir=\"auto\">\n<div class=\"gmail_default\">ALYA EMILY D\u0130R\u0130O\u011eLU<br \/>\nLE\u0130LA SALEM<\/div>\n<\/div>\n<div id=\"undefined\"><\/div>\n<p>[\/et_pb_tab][\/et_pb_tabs][\/et_pb_column][et_pb_column type=&#8221;1_2&#8243; _builder_version=&#8221;3.25&#8243; custom_padding=&#8221;|||&#8221; custom_padding__hover=&#8221;|||&#8221;][et_pb_text _builder_version=&#8221;3.27.4&#8243; background_size=&#8221;initial&#8221; background_position=&#8221;top_left&#8221; background_repeat=&#8221;repeat&#8221;]<\/p>\n<blockquote>\n<h1 class=\"yt watch-title-container\" style=\"text-align: center;\"><span style=\"color: #00ccff;\"><span id=\"eow-title\" class=\"watch-title \" dir=\"ltr\" title=\"Hello to All The Children of The World\">School Song<br \/>\n<\/span><\/span><\/h1>\n<h1 class=\"yt watch-title-container\" style=\"text-align: center;\"><span id=\"eow-title\" class=\"watch-title \" dir=\"ltr\" title=\"Hello to All The Children of The World\">Hello to All The Children of The World<\/span><\/h1>\n<\/blockquote>\n<p>[\/et_pb_text][et_pb_video src=&#8221;https:\/\/preschooltr.com\/wp-content\/uploads\/2014\/04\/Hello-to-All-The-Children-of-The-World.mp4&#8243; _builder_version=&#8221;3.0.94&#8243;][\/et_pb_video][\/et_pb_column][\/et_pb_row][\/et_pb_section]<\/p>\n","protected":false},"excerpt":{"rendered":"<p>[et_pb_section fb_built=&#8221;1&#8243; fullwidth=&#8221;on&#8221; custom_padding_last_edited=&#8221;on|desktop&#8221; admin_label=&#8221;section&#8221; _builder_version=&#8221;3.22&#8243; background_color=&#8221;#ffffff&#8221; parallax=&#8221;on&#8221; custom_padding=&#8221;0px|0px|0px|0px&#8221; custom_padding_tablet=&#8221;50px|0|50px|0&#8243; custom_padding_phone=&#8221;&#8221; padding_mobile=&#8221;off&#8221;][et_pb_fullwidth_slider show_image_video_mobile=&#8221;on&#8221; _builder_version=&#8221;4.5.3&#8243; min_height=&#8221;399px&#8221; custom_padding=&#8221;||484px|||&#8221; auto=&#8221;on&#8221; auto_speed=&#8221;5000&#8243; hover_enabled=&#8221;0&#8243; box_shadow_style=&#8221;preset6&#8243; box_shadow_blur=&#8221;10px&#8221; box_shadow_color=&#8221;rgba(0,0,0,0.1)&#8221; button_text_size__hover_enabled=&#8221;off&#8221; button_one_text_size__hover_enabled=&#8221;off&#8221; button_two_text_size__hover_enabled=&#8221;off&#8221; button_text_color__hover_enabled=&#8221;off&#8221; button_one_text_color__hover_enabled=&#8221;off&#8221; button_two_text_color__hover_enabled=&#8221;off&#8221; button_border_width__hover_enabled=&#8221;off&#8221; button_one_border_width__hover_enabled=&#8221;off&#8221; button_two_border_width__hover_enabled=&#8221;off&#8221; button_border_color__hover_enabled=&#8221;off&#8221; button_one_border_color__hover_enabled=&#8221;off&#8221; button_two_border_color__hover_enabled=&#8221;off&#8221; button_border_radius__hover_enabled=&#8221;off&#8221; button_one_border_radius__hover_enabled=&#8221;off&#8221; button_two_border_radius__hover_enabled=&#8221;off&#8221; button_letter_spacing__hover_enabled=&#8221;off&#8221; button_one_letter_spacing__hover_enabled=&#8221;off&#8221; button_two_letter_spacing__hover_enabled=&#8221;off&#8221; button_bg_color__hover_enabled=&#8221;off&#8221; button_one_bg_color__hover_enabled=&#8221;off&#8221; button_two_bg_color__hover_enabled=&#8221;off&#8221; custom_margin=&#8221;||0px|||&#8221;][et_pb_slide _builder_version=&#8221;4.5.3&#8243; background_color=&#8221;#ffffff&#8221; background_image=&#8221;https:\/\/preschooltr.com\/wp-content\/uploads\/2025\/10\/IMG_1159-2-scaled.jpg&#8221; background_enable_image=&#8221;on&#8221; button_text_size__hover_enabled=&#8221;off&#8221; button_one_text_size__hover_enabled=&#8221;off&#8221; button_two_text_size__hover_enabled=&#8221;off&#8221; button_text_color__hover_enabled=&#8221;off&#8221; button_one_text_color__hover_enabled=&#8221;off&#8221; button_two_text_color__hover_enabled=&#8221;off&#8221; button_border_width__hover_enabled=&#8221;off&#8221; [&hellip;]<\/p>\n","protected":false},"author":1,"featured_media":0,"parent":0,"menu_order":0,"comment_status":"closed","ping_status":"closed","template":"","meta":{"_et_pb_use_builder":"on","_et_pb_old_content":"","_et_gb_content_width":""},"_links":{"self":[{"href":"https:\/\/preschooltr.com\/index.php?rest_route=\/wp\/v2\/pages\/2"}],"collection":[{"href":"https:\/\/preschooltr.com\/index.php?rest_route=\/wp\/v2\/pages"}],"about":[{"href":"https:\/\/preschooltr.com\/index.php?rest_route=\/wp\/v2\/types\/page"}],"author":[{"embeddable":true,"href":"https:\/\/preschooltr.com\/index.php?rest_route=\/wp\/v2\/users\/1"}],"replies":[{"embeddable":true,"href":"https:\/\/preschooltr.com\/index.php?rest_route=%2Fwp%2Fv2%2Fcomments&post=2"}],"version-history":[{"count":322,"href":"https:\/\/preschooltr.com\/index.php?rest_route=\/wp\/v2\/pages\/2\/revisions"}],"predecessor-version":[{"id":1559,"href":"https:\/\/preschooltr.com\/index.php?rest_route=\/wp\/v2\/pages\/2\/revisions\/1559"}],"wp:attachment":[{"href":"https:\/\/preschooltr.com\/index.php?rest_route=%2Fwp%2Fv2%2Fmedia&parent=2"}],"curies":[{"name":"wp","href":"https:\/\/api.w.org\/{rel}","templated":true}]}}